{"id":17,"date":"2023-12-14T17:23:44","date_gmt":"2023-12-14T17:23:44","guid":{"rendered":"https:\/\/pro-color.org\/?page_id=17"},"modified":"2024-02-06T16:00:44","modified_gmt":"2024-02-06T16:00:44","slug":"strona-glowna","status":"publish","type":"page","link":"https:\/\/pro-color.org\/","title":{"rendered":"Strona g\u0142\u00f3wna"},"content":{"rendered":"\t\t<div data-elementor-type=\"wp-page\" data-elementor-id=\"17\" class=\"elementor elementor-17\">\n\t\t\t\t<div class=\"elementor-element elementor-element-140b5e7 e-flex e-con-boxed e-con e-parent\" data-id=\"140b5e7\" data-element_type=\"container\" data-settings=\"{&quot;background_background&quot;:&quot;classic&quot;}\">\n\t\t\t\t\t<div class=\"e-con-inner\">\n\t\t<div class=\"elementor-element elementor-element-e5e9c7b e-con-full e-flex e-con e-child\" data-id=\"e5e9c7b\" data-element_type=\"container\">\n\t\t\t\t<div class=\"elementor-element elementor-element-ad82c28 elementor-widget elementor-widget-heading\" data-id=\"ad82c28\" data-element_type=\"widget\" data-widget_type=\"heading.default\">\n\t\t\t\t<div class=\"elementor-widget-container\">\n\t\t\t\t\t<h2 class=\"elementor-heading-title elementor-size-default\">\"\u015awiat\u0142o to nasza pasja\"<\/h2>\t\t\t\t<\/div>\n\t\t\t\t<\/div>\n\t\t\t\t<div class=\"elementor-element elementor-element-c8a5dba elementor-widget elementor-widget-text-editor\" data-id=\"c8a5dba\" data-element_type=\"widget\" data-widget_type=\"text-editor.default\">\n\t\t\t\t<div class=\"elementor-widget-container\">\n\t\t\t\t\t\t\t\t\t<p>Zajmujemy si\u0119 profesjonaln\u0105 obs\u0142ug\u0105 oraz realizacj\u0105 o\u015bwietlenia estradowego na potrzeby r\u00f3\u017cnego rodzaju wydarze\u0144 artystycznych takich jak koncerty bankiety eventy<\/p>\t\t\t\t\t\t\t\t<\/div>\n\t\t\t\t<\/div>\n\t\t<div class=\"elementor-element elementor-element-63c34d7 e-flex e-con-boxed e-con e-child\" data-id=\"63c34d7\" data-element_type=\"container\">\n\t\t\t\t\t<div class=\"e-con-inner\">\n\t\t\t\t<div class=\"elementor-element elementor-element-9c838e9 elementor-widget elementor-widget-html\" data-id=\"9c838e9\" data-element_type=\"widget\" data-widget_type=\"html.default\">\n\t\t\t\t<div class=\"elementor-widget-container\">\n\t\t\t\t\t<a href=\"\/index.php\/sprzet\" style=\"text-decoration:none;\" ><button id=\"glowing-button3\" >Poznaj ofert\u0119<\/button><\/a>\n\n<style>\n#glowing-button3{\n    --color: #FF7A39;\n    border: 1.5px solid #FF7A39;\n    background-color: #FF7A39;\n    box-shadow: inset 0 0 1em 0 var(--color), 0 0 1.5em 0 var(--color);\n    position: relative;\n    border-radius: 5px;\n    height: 34px;\n    margin: 0;\n    display: flex;\n    align-items:center;\n    font-size: 15px;\n    width: 170px;\n    justify-content: center;\n}\n<\/style>\t\t\t\t<\/div>\n\t\t\t\t<\/div>\n\t\t\t\t<div class=\"elementor-element elementor-element-d959e44 elementor-widget elementor-widget-html\" data-id=\"d959e44\" data-element_type=\"widget\" data-widget_type=\"html.default\">\n\t\t\t\t<div class=\"elementor-widget-container\">\n\t\t\t\t\t<a href=\"\/index.php\/kontakt\" style=\"text-decoration:none;\"><button id=\"no-glowing-button2\">Skontaktuj si\u0119<\/button><\/a>\n\n<style>\n#no-glowing-button2{\n    color: white;\n    background-color: black;\n    border: 1.5px solid white;\n    position: relative;\n    border-radius: 5px;\n    height: 30px;\n    margin: 0;\n    display: flex;\n    align-items:center;\n    font-size: 15px;\n    width: 170px;\n    justify-content: center;\n}\n<\/style>\t\t\t\t<\/div>\n\t\t\t\t<\/div>\n\t\t\t\t\t<\/div>\n\t\t\t\t<\/div>\n\t\t\t\t<\/div>\n\t\t<div class=\"elementor-element elementor-element-662ed52 e-con-full e-flex e-con e-child\" data-id=\"662ed52\" data-element_type=\"container\">\n\t\t\t\t<div class=\"elementor-element elementor-element-96a8c61 elementor-widget elementor-widget-image\" data-id=\"96a8c61\" data-element_type=\"widget\" data-widget_type=\"image.default\">\n\t\t\t\t<div class=\"elementor-widget-container\">\n\t\t\t\t\t\t\t\t\t\t\t\t\t\t\t<img fetchpriority=\"high\" decoding=\"async\" width=\"1024\" height=\"667\" src=\"https:\/\/pro-color.org\/wp-content\/uploads\/2023\/12\/1701272111050-scaled-e1702577794293-1024x667.jpg\" class=\"attachment-large size-large wp-image-45\" alt=\"\" srcset=\"https:\/\/pro-color.org\/wp-content\/uploads\/2023\/12\/1701272111050-scaled-e1702577794293-1024x667.jpg 1024w, https:\/\/pro-color.org\/wp-content\/uploads\/2023\/12\/1701272111050-scaled-e1702577794293-300x195.jpg 300w, https:\/\/pro-color.org\/wp-content\/uploads\/2023\/12\/1701272111050-scaled-e1702577794293-768x500.jpg 768w, https:\/\/pro-color.org\/wp-content\/uploads\/2023\/12\/1701272111050-scaled-e1702577794293-1536x1001.jpg 1536w, https:\/\/pro-color.org\/wp-content\/uploads\/2023\/12\/1701272111050-scaled-e1702577794293.jpg 1813w\" sizes=\"(max-width: 1024px) 100vw, 1024px\" \/>\t\t\t\t\t\t\t\t\t\t\t\t\t\t\t<\/div>\n\t\t\t\t<\/div>\n\t\t\t\t<\/div>\n\t\t\t\t\t<\/div>\n\t\t\t\t<\/div>\n\t\t<div class=\"elementor-element elementor-element-509f4a7 e-flex e-con-boxed e-con e-parent\" data-id=\"509f4a7\" data-element_type=\"container\" data-settings=\"{&quot;background_background&quot;:&quot;classic&quot;}\">\n\t\t\t\t\t<div class=\"e-con-inner\">\n\t\t<div class=\"elementor-element elementor-element-fed446d e-con-full e-flex e-con e-child\" data-id=\"fed446d\" data-element_type=\"container\">\n\t\t<div class=\"elementor-element elementor-element-3ceda72 e-con-full elementor-hidden-desktop elementor-hidden-tablet e-flex e-con e-child\" data-id=\"3ceda72\" data-element_type=\"container\">\n\t\t\t\t<div class=\"elementor-element elementor-element-28938cd elementor-widget elementor-widget-heading\" data-id=\"28938cd\" data-element_type=\"widget\" data-widget_type=\"heading.default\">\n\t\t\t\t<div class=\"elementor-widget-container\">\n\t\t\t\t\t<h2 class=\"elementor-heading-title elementor-size-default\">B\u0105d\u017a na bie\u017c\u0105co, sprawd\u017a social media<\/h2>\t\t\t\t<\/div>\n\t\t\t\t<\/div>\n\t\t<div class=\"elementor-element elementor-element-92cf533 e-flex e-con-boxed e-con e-child\" data-id=\"92cf533\" data-element_type=\"container\">\n\t\t\t\t\t<div class=\"e-con-inner\">\n\t\t\t\t<div class=\"elementor-element elementor-element-5724896 elementor-widget elementor-widget-html\" data-id=\"5724896\" data-element_type=\"widget\" data-widget_type=\"html.default\">\n\t\t\t\t<div class=\"elementor-widget-container\">\n\t\t\t\t\t<a href=\"https:\/\/www.instagram.com\/pro_color_light\" style=\"text-decoration:none;\"><button id=\"glowing-button2\">Instagram<\/button><\/a>\n\n<style>\n#glowing-button2{\n    --color: #EA00FF;\n    background-color: #EA00FF;\n    box-shadow: inset 0 0 1em 0 var(--color), 0 0 1.5em 0 var(--color);\n    position: relative;\n    border-radius: 5px;\n    height: 34px;\n    margin: 0;\n    display: flex;\n    align-items:center;\n    font-size: 15px;\n    width: 150px;\n    justify-content: center;\n}\n<\/style>\t\t\t\t<\/div>\n\t\t\t\t<\/div>\n\t\t\t\t<div class=\"elementor-element elementor-element-1ae689b elementor-widget elementor-widget-html\" data-id=\"1ae689b\" data-element_type=\"widget\" data-widget_type=\"html.default\">\n\t\t\t\t<div class=\"elementor-widget-container\">\n\t\t\t\t\t<a href=\"https:\/\/g.co\/kgs\/L3FyhwK\" style=\"text-decoration:none;\"><button id=\"no-glowing-button\">Google<\/button><\/a>\n\n<style>\n#no-glowing-button{\n    color: white;\n    background-color: black;\n    border: 2px solid white;\n    position: relative;\n    border-radius: 5px;\n    height: 30px;\n    margin: 0;\n    display: flex;\n    align-items:center;\n    font-size: 15px;\n    width: 150px;\n    justify-content: center;\n}\n<\/style>\t\t\t\t<\/div>\n\t\t\t\t<\/div>\n\t\t\t\t\t<\/div>\n\t\t\t\t<\/div>\n\t\t\t\t<\/div>\n\t\t\t\t<div class=\"elementor-element elementor-element-fc162d9 elementor-widget elementor-widget-image\" data-id=\"fc162d9\" data-element_type=\"widget\" data-widget_type=\"image.default\">\n\t\t\t\t<div class=\"elementor-widget-container\">\n\t\t\t\t\t\t\t\t\t\t\t\t\t\t\t<img decoding=\"async\" width=\"984\" height=\"818\" src=\"https:\/\/pro-color.org\/wp-content\/uploads\/2023\/12\/multiple-pink-e1703806134441.png\" class=\"attachment-full size-full wp-image-250\" alt=\"\" srcset=\"https:\/\/pro-color.org\/wp-content\/uploads\/2023\/12\/multiple-pink-e1703806134441.png 984w, https:\/\/pro-color.org\/wp-content\/uploads\/2023\/12\/multiple-pink-e1703806134441-300x249.png 300w, https:\/\/pro-color.org\/wp-content\/uploads\/2023\/12\/multiple-pink-e1703806134441-768x638.png 768w\" sizes=\"(max-width: 984px) 100vw, 984px\" \/>\t\t\t\t\t\t\t\t\t\t\t\t\t\t\t<\/div>\n\t\t\t\t<\/div>\n\t\t\t\t<\/div>\n\t\t<div class=\"elementor-element elementor-element-e727e0b e-con-full elementor-hidden-mobile e-flex e-con e-child\" data-id=\"e727e0b\" data-element_type=\"container\">\n\t\t\t\t<div class=\"elementor-element elementor-element-58122c1 elementor-widget elementor-widget-heading\" data-id=\"58122c1\" data-element_type=\"widget\" data-widget_type=\"heading.default\">\n\t\t\t\t<div class=\"elementor-widget-container\">\n\t\t\t\t\t<h2 class=\"elementor-heading-title elementor-size-default\">B\u0105d\u017a na bie\u017c\u0105co, sprawd\u017a social media<\/h2>\t\t\t\t<\/div>\n\t\t\t\t<\/div>\n\t\t<div class=\"elementor-element elementor-element-49e8fbe e-flex e-con-boxed e-con e-child\" data-id=\"49e8fbe\" data-element_type=\"container\">\n\t\t\t\t\t<div class=\"e-con-inner\">\n\t\t\t\t<div class=\"elementor-element elementor-element-cbff119 elementor-widget elementor-widget-html\" data-id=\"cbff119\" data-element_type=\"widget\" data-widget_type=\"html.default\">\n\t\t\t\t<div class=\"elementor-widget-container\">\n\t\t\t\t\t<a href=\"https:\/\/www.instagram.com\/pro_color_light\" style=\"text-decoration:none;\" target=\"_blank\"><button id=\"glowing-button2\">Instagram<\/button><\/a>\n\n<style>\n#glowing-button2{\n    border: 1.5px solid #EA00FF;\n    --color: #EA00FF;\n    background-color: #EA00FF;\n    box-shadow: inset 0 0 1em 0 var(--color), 0 0 1.5em 0 var(--color);\n    position: relative;\n    border-radius: 5px;\n    height: 34px;\n    margin: 0;\n    display: flex;\n    align-items:center;\n    font-size: 15px;\n    width: 170px;\n    justify-content: center;\n}\n<\/style>\t\t\t\t<\/div>\n\t\t\t\t<\/div>\n\t\t\t\t<div class=\"elementor-element elementor-element-5f2475b elementor-widget elementor-widget-html\" data-id=\"5f2475b\" data-element_type=\"widget\" data-widget_type=\"html.default\">\n\t\t\t\t<div class=\"elementor-widget-container\">\n\t\t\t\t\t<a href=\"https:\/\/g.co\/kgs\/L3FyhwK\" style=\"text-decoration:none;\" target=\"_blank\"><button id=\"no-glowing-button\">Google<\/button><\/a>\n\n<style>\n#no-glowing-button{\n    color: white;\n    background-color: black;\n    border: 1.5px solid white;\n    position: relative;\n    border-radius: 5px;\n    height: 30px;\n    margin: 0;\n    display: flex;\n    align-items:center;\n    font-size: 15px;\n    width: 170px;\n    justify-content: center;\n}\n<\/style>\t\t\t\t<\/div>\n\t\t\t\t<\/div>\n\t\t\t\t\t<\/div>\n\t\t\t\t<\/div>\n\t\t\t\t<\/div>\n\t\t\t\t\t<\/div>\n\t\t\t\t<\/div>\n\t\t<div class=\"elementor-element elementor-element-d9e521d e-flex e-con-boxed e-con e-parent\" data-id=\"d9e521d\" data-element_type=\"container\" data-settings=\"{&quot;background_background&quot;:&quot;classic&quot;}\">\n\t\t\t\t\t<div class=\"e-con-inner\">\n\t\t<div class=\"elementor-element elementor-element-fd018ef e-con-full e-flex e-con e-child\" data-id=\"fd018ef\" data-element_type=\"container\">\n\t\t\t\t<div class=\"elementor-element elementor-element-3798e60 elementor-widget elementor-widget-image\" data-id=\"3798e60\" data-element_type=\"widget\" data-widget_type=\"image.default\">\n\t\t\t\t<div class=\"elementor-widget-container\">\n\t\t\t\t\t\t\t\t\t\t\t\t\t\t\t<img decoding=\"async\" width=\"167\" height=\"204\" src=\"https:\/\/pro-color.org\/wp-content\/uploads\/2023\/12\/bulb2.png\" class=\"attachment-full size-full wp-image-297\" alt=\"\" \/>\t\t\t\t\t\t\t\t\t\t\t\t\t\t\t<\/div>\n\t\t\t\t<\/div>\n\t\t\t\t<div class=\"elementor-element elementor-element-15baa9c elementor-widget elementor-widget-heading\" data-id=\"15baa9c\" data-element_type=\"widget\" data-widget_type=\"heading.default\">\n\t\t\t\t<div class=\"elementor-widget-container\">\n\t\t\t\t\t<h2 class=\"elementor-heading-title elementor-size-default\">Tworzymy historie<\/h2>\t\t\t\t<\/div>\n\t\t\t\t<\/div>\n\t\t\t\t<div class=\"elementor-element elementor-element-d0c1dcf elementor-widget elementor-widget-text-editor\" data-id=\"d0c1dcf\" data-element_type=\"widget\" data-widget_type=\"text-editor.default\">\n\t\t\t\t<div class=\"elementor-widget-container\">\n\t\t\t\t\t\t\t\t\t<p>W przeci\u0105gu 25 lat dzia\u0142alno\u015bci zrealizowali\u015bmy setki koncert\u00f3w oraz r\u00f3\u017cnego rodzaju wydarze\u0144 artystycznych<\/p>\t\t\t\t\t\t\t\t<\/div>\n\t\t\t\t<\/div>\n\t\t<div class=\"elementor-element elementor-element-17088d5 e-flex e-con-boxed e-con e-child\" data-id=\"17088d5\" data-element_type=\"container\">\n\t\t\t\t\t<div class=\"e-con-inner\">\n\t\t\t\t<div class=\"elementor-element elementor-element-24c7ef5 elementor-widget elementor-widget-html\" data-id=\"24c7ef5\" data-element_type=\"widget\" data-widget_type=\"html.default\">\n\t\t\t\t<div class=\"elementor-widget-container\">\n\t\t\t\t\t<a href=\"\/index.php\/galeria\" style=\"text-decoration:none;\"><button id=\"glowing-button\">Poznaj firme<\/button><\/a>\n\n<style>\n#glowing-button{\n    --color: #1AD671;\n    background-color: #1AD671;\n    box-shadow: inset 0 0 1em 0 var(--color), 0 0 1.5em 0 var(--color);\n    position: relative;\n    border: 1.5px solid #1AD671;\n    border-radius: 5px;\n    height: 34px;\n    margin: 0;\n    display: flex;\n    align-items:center;\n    font-size: 15px;\n    width: 160px;\n    justify-content: center;\n}\n<\/style>\t\t\t\t<\/div>\n\t\t\t\t<\/div>\n\t\t\t\t\t<\/div>\n\t\t\t\t<\/div>\n\t\t\t\t<\/div>\n\t\t<div class=\"elementor-element elementor-element-b25b132 e-con-full e-flex e-con e-child\" data-id=\"b25b132\" data-element_type=\"container\">\n\t\t\t\t<div class=\"elementor-element elementor-element-24bd5c2 elementor-widget elementor-widget-image\" data-id=\"24bd5c2\" data-element_type=\"widget\" data-widget_type=\"image.default\">\n\t\t\t\t<div class=\"elementor-widget-container\">\n\t\t\t\t\t\t\t\t\t\t\t\t\t\t\t<img loading=\"lazy\" decoding=\"async\" width=\"727\" height=\"525\" src=\"https:\/\/pro-color.org\/wp-content\/uploads\/2023\/12\/multiple-history-1.png\" class=\"attachment-full size-full wp-image-246\" alt=\"\" srcset=\"https:\/\/pro-color.org\/wp-content\/uploads\/2023\/12\/multiple-history-1.png 727w, https:\/\/pro-color.org\/wp-content\/uploads\/2023\/12\/multiple-history-1-300x217.png 300w\" sizes=\"(max-width: 727px) 100vw, 727px\" \/>\t\t\t\t\t\t\t\t\t\t\t\t\t\t\t<\/div>\n\t\t\t\t<\/div>\n\t\t\t\t<\/div>\n\t\t\t\t\t<\/div>\n\t\t\t\t<\/div>\n\t\t<div class=\"elementor-element elementor-element-c8e4ef3 e-flex e-con-boxed e-con e-parent\" data-id=\"c8e4ef3\" data-element_type=\"container\" data-settings=\"{&quot;background_background&quot;:&quot;classic&quot;}\">\n\t\t\t\t\t<div class=\"e-con-inner\">\n\t\t<div class=\"elementor-element elementor-element-38a1a35 e-con-full e-flex e-con e-child\" data-id=\"38a1a35\" data-element_type=\"container\">\n\t\t<div class=\"elementor-element elementor-element-557f1d0 e-con-full elementor-hidden-desktop elementor-hidden-tablet e-flex e-con e-child\" data-id=\"557f1d0\" data-element_type=\"container\">\n\t\t\t\t<div class=\"elementor-element elementor-element-9d3a7a6 elementor-widget elementor-widget-heading\" data-id=\"9d3a7a6\" data-element_type=\"widget\" data-widget_type=\"heading.default\">\n\t\t\t\t<div class=\"elementor-widget-container\">\n\t\t\t\t\t<h2 class=\"elementor-heading-title elementor-size-default\">Profesjonalne wyposa\u017cenie<\/h2>\t\t\t\t<\/div>\n\t\t\t\t<\/div>\n\t\t\t\t<div class=\"elementor-element elementor-element-6b48374 elementor-widget__width-initial elementor-widget elementor-widget-text-editor\" data-id=\"6b48374\" data-element_type=\"widget\" data-widget_type=\"text-editor.default\">\n\t\t\t\t<div class=\"elementor-widget-container\">\n\t\t\t\t\t\t\t\t\t<p>Posiadamy w\u0142asne bogate zasoby sprz\u0119towe oparte o najnowsze urz\u0105dzenia renomowanych producent\u00f3w min. ROBE, MARTIN, CLF,MA, LIGHTING ITD.<\/p>\t\t\t\t\t\t\t\t<\/div>\n\t\t\t\t<\/div>\n\t\t\t\t<div class=\"elementor-element elementor-element-d6d7064 elementor-widget elementor-widget-html\" data-id=\"d6d7064\" data-element_type=\"widget\" data-widget_type=\"html.default\">\n\t\t\t\t<div class=\"elementor-widget-container\">\n\t\t\t\t\t<a href=\"\/index.php\/galeria\" style=\"text-decoration:none;\"><button id=\"glowing-button4\">Zobacz sprz\u0119t<\/button><\/a>\n\n<style>\n#glowing-button4{\n    --color: #6a65f5;\n    background-color: #6a65f5;\n    box-shadow: inset 0 0 1em 0 var(--color), 0 0 1.5em 0 var(--color);\n    position: relative;\n    border: 1.5px solid #6a65f5;\n    border-radius: 5px;\n    height: 34px;\n    margin: 0;\n    display: flex;\n    align-items:center;\n    font-size: 15px;\n    width: 170px;\n    justify-content: center;\n}\n<\/style>\t\t\t\t<\/div>\n\t\t\t\t<\/div>\n\t\t\t\t<\/div>\n\t\t\t\t<div class=\"elementor-element elementor-element-cdcf9a9 elementor-widget elementor-widget-image\" data-id=\"cdcf9a9\" data-element_type=\"widget\" data-widget_type=\"image.default\">\n\t\t\t\t<div class=\"elementor-widget-container\">\n\t\t\t\t\t\t\t\t\t\t\t\t\t\t\t<img decoding=\"async\" src=\"https:\/\/pro-color.org\/wp-content\/uploads\/2023\/12\/1701272111022-scaled-e1707223997585.jpg\" title=\"1701272111022\" alt=\"1701272111022\" loading=\"lazy\" \/>\t\t\t\t\t\t\t\t\t\t\t\t\t\t\t<\/div>\n\t\t\t\t<\/div>\n\t\t\t\t<\/div>\n\t\t<div class=\"elementor-element elementor-element-f4f1220 e-con-full elementor-hidden-mobile e-flex e-con e-child\" data-id=\"f4f1220\" data-element_type=\"container\">\n\t\t\t\t<div class=\"elementor-element elementor-element-fd22732 elementor-widget elementor-widget-heading\" data-id=\"fd22732\" data-element_type=\"widget\" data-widget_type=\"heading.default\">\n\t\t\t\t<div class=\"elementor-widget-container\">\n\t\t\t\t\t<h2 class=\"elementor-heading-title elementor-size-default\">Profesjonalne wyposa\u017cenie<\/h2>\t\t\t\t<\/div>\n\t\t\t\t<\/div>\n\t\t\t\t<div class=\"elementor-element elementor-element-cfea3be elementor-widget__width-initial elementor-widget elementor-widget-text-editor\" data-id=\"cfea3be\" data-element_type=\"widget\" data-widget_type=\"text-editor.default\">\n\t\t\t\t<div class=\"elementor-widget-container\">\n\t\t\t\t\t\t\t\t\t<p>Posiadamy w\u0142asne bogate zasoby sprz\u0119towe oparte o najnowsze urz\u0105dzenia renomowanych producent\u00f3w min. ROBE, MARTIN, CLF, MA, LIGHTING ITD.<\/p>\t\t\t\t\t\t\t\t<\/div>\n\t\t\t\t<\/div>\n\t\t\t\t<div class=\"elementor-element elementor-element-cc077f2 elementor-widget elementor-widget-html\" data-id=\"cc077f2\" data-element_type=\"widget\" data-widget_type=\"html.default\">\n\t\t\t\t<div class=\"elementor-widget-container\">\n\t\t\t\t\t<a href=\"\/index.php\/galeria\" style=\"text-decoration:none;\"><button id=\"glowing-button4\">Zobacz sprz\u0119t<\/button><\/a>\n\n<style>\n#glowing-button4{\n    --color: #6a65f5;\n    background-color: #6a65f5;\n    box-shadow: inset 0 0 1em 0 var(--color), 0 0 1.5em 0 var(--color);\n    position: relative;\n    border: 1.5px solid #6a65f5;\n    border-radius: 5px;\n    height: 34px;\n    margin: 0;\n    display: flex;\n    align-items:center;\n    font-size: 15px;\n    width: 170px;\n    justify-content: center;\n}\n<\/style>\t\t\t\t<\/div>\n\t\t\t\t<\/div>\n\t\t\t\t<\/div>\n\t\t\t\t\t<\/div>\n\t\t\t\t<\/div>\n\t\t\t\t<\/div>\n\t\t","protected":false},"excerpt":{"rendered":"<p>&#8222;\u015awiat\u0142o to nasza pasja&#8221; Zajmujemy si\u0119 profesjonaln\u0105 obs\u0142ug\u0105 oraz realizacj\u0105 o\u015bwietlenia estradowego na potrzeby r\u00f3\u017cnego rodzaju wydarze\u0144 artystycznych takich jak koncerty bankiety eventy Poznaj ofert\u0119 Skontaktuj si\u0119 B\u0105d\u017a na bie\u017c\u0105co, sprawd\u017a social media Instagram Google B\u0105d\u017a na bie\u017c\u0105co, sprawd\u017a social media Instagram Google Tworzymy historie W przeci\u0105gu 25 lat dzia\u0142alno\u015bci zrealizowali\u015bmy setki koncert\u00f3w oraz r\u00f3\u017cnego&#8230;<\/p>\n","protected":false},"author":1,"featured_media":0,"parent":0,"menu_order":0,"comment_status":"closed","ping_status":"closed","template":"","meta":{"site-sidebar-layout":"no-sidebar","site-content-layout":"","ast-site-content-layout":"full-width-container","site-content-style":"default","site-sidebar-style":"default","ast-global-header-display":"","ast-banner-title-visibility":"","ast-main-header-display":"","ast-hfb-above-header-display":"","ast-hfb-below-header-display":"","ast-hfb-mobile-header-display":"","site-post-title":"disabled","ast-breadcrumbs-content":"","ast-featured-img":"disabled","footer-sml-layout":"","ast-disable-related-posts":"","theme-transparent-header-meta":"","adv-header-id-meta":"","stick-header-meta":"","header-above-stick-meta":"","header-main-stick-meta":"","header-below-stick-meta":"","astra-migrate-meta-layouts":"default","ast-page-background-enabled":"default","ast-page-background-meta":{"desktop":{"background-color":"var(--ast-global-color-4)","background-image":"","background-repeat":"repeat","background-position":"center center","background-size":"auto","background-attachment":"scroll","background-type":"","background-media":"","overlay-type":"","overlay-color":"","overlay-opacity":"","overlay-gradient":""},"tablet":{"background-color":"","background-image":"","background-repeat":"repeat","background-position":"center center","background-size":"auto","background-attachment":"scroll","background-type":"","background-media":"","overlay-type":"","overlay-color":"","overlay-opacity":"","overlay-gradient":""},"mobile":{"background-color":"","background-image":"","background-repeat":"repeat","background-position":"center center","background-size":"auto","background-attachment":"scroll","background-type":"","background-media":"","overlay-type":"","overlay-color":"","overlay-opacity":"","overlay-gradient":""}},"ast-content-background-meta":{"desktop":{"background-color":"var(--ast-global-color-5)","background-image":"","background-repeat":"repeat","background-position":"center center","background-size":"auto","background-attachment":"scroll","background-type":"","background-media":"","overlay-type":"","overlay-color":"","overlay-opacity":"","overlay-gradient":""},"tablet":{"background-color":"var(--ast-global-color-5)","background-image":"","background-repeat":"repeat","background-position":"center center","background-size":"auto","background-attachment":"scroll","background-type":"","background-media":"","overlay-type":"","overlay-color":"","overlay-opacity":"","overlay-gradient":""},"mobile":{"background-color":"var(--ast-global-color-5)","background-image":"","background-repeat":"repeat","background-position":"center center","background-size":"auto","background-attachment":"scroll","background-type":"","background-media":"","overlay-type":"","overlay-color":"","overlay-opacity":"","overlay-gradient":""}},"footnotes":""},"_links":{"self":[{"href":"https:\/\/pro-color.org\/index.php\/wp-json\/wp\/v2\/pages\/17"}],"collection":[{"href":"https:\/\/pro-color.org\/index.php\/wp-json\/wp\/v2\/pages"}],"about":[{"href":"https:\/\/pro-color.org\/index.php\/wp-json\/wp\/v2\/types\/page"}],"author":[{"embeddable":true,"href":"https:\/\/pro-color.org\/index.php\/wp-json\/wp\/v2\/users\/1"}],"replies":[{"embeddable":true,"href":"https:\/\/pro-color.org\/index.php\/wp-json\/wp\/v2\/comments?post=17"}],"version-history":[{"count":274,"href":"https:\/\/pro-color.org\/index.php\/wp-json\/wp\/v2\/pages\/17\/revisions"}],"predecessor-version":[{"id":584,"href":"https:\/\/pro-color.org\/index.php\/wp-json\/wp\/v2\/pages\/17\/revisions\/584"}],"wp:attachment":[{"href":"https:\/\/pro-color.org\/index.php\/wp-json\/wp\/v2\/media?parent=17"}],"curies":[{"name":"wp","href":"https:\/\/api.w.org\/{rel}","templated":true}]}}