{"id":18,"date":"2023-12-14T17:23:44","date_gmt":"2023-12-14T17:23:44","guid":{"rendered":"https:\/\/pro-color.org\/?page_id=18"},"modified":"2024-02-12T23:50:09","modified_gmt":"2024-02-12T23:50:09","slug":"sprzet","status":"publish","type":"page","link":"https:\/\/pro-color.org\/index.php\/sprzet\/","title":{"rendered":"Sprz\u0119t"},"content":{"rendered":"\t\t<div data-elementor-type=\"wp-page\" data-elementor-id=\"18\" class=\"elementor elementor-18\">\n\t\t\t\t<div class=\"elementor-element elementor-element-e30ec3f e-flex e-con-boxed e-con e-parent\" data-id=\"e30ec3f\" data-element_type=\"container\" data-settings=\"{&quot;background_background&quot;:&quot;classic&quot;}\">\n\t\t\t\t\t<div class=\"e-con-inner\">\n\t\t\t\t<div class=\"elementor-element elementor-element-19aa482 elementor-widget elementor-widget-heading\" data-id=\"19aa482\" data-element_type=\"widget\" data-widget_type=\"heading.default\">\n\t\t\t\t<div class=\"elementor-widget-container\">\n\t\t\t\t\t<h2 class=\"elementor-heading-title elementor-size-default\">Wybrany sprz\u0119t<\/h2>\t\t\t\t<\/div>\n\t\t\t\t<\/div>\n\t\t\t\t<div class=\"elementor-element elementor-element-1dbea0e elementor-widget elementor-widget-eael-advanced-data-table\" data-id=\"1dbea0e\" data-element_type=\"widget\" data-widget_type=\"eael-advanced-data-table.default\">\n\t\t\t\t<div class=\"elementor-widget-container\">\n\t\t\t\t\t<div class=\"ea-advanced-data-table-wrap\" data-id=\"1dbea0e\"><div class=\"ea-advanced-data-table-search-wrap ea-advanced-data-table-search-right\"><input type=\"search\" placeholder=\"Wyszukaj...\" class=\"ea-advanced-data-table-search\"><\/div><div class=\"ea-advanced-data-table-wrap-inner\">\n                <table class=\"ea-advanced-data-table ea-advanced-data-table-static ea-advanced-data-table-1dbea0e ea-advanced-data-table-searchable\" data-id=\"1dbea0e\"><thead><tr><th>Urz\u0105dzenie<\/th><th>Rodzaj<\/th><th>Ilo\u015b\u0107<\/th><\/tr><\/thead><tbody><tr><td>MAC QUANTUM SPOT<\/td><td><p>SPOT \/ BEAM<\/p><\/td><td>18<\/td><\/tr><tr><td>ROBE POINTE<\/td><td><p>SPOT \/ BEAM<\/p><\/td><td>24<\/td><\/tr><tr><td>ROBE 700 SPOT<\/td><td><p>SPOT \/ BEAM<\/p><\/td><td>20<\/td><\/tr><tr><td>ALPHA BEAM 300<\/td><td><p>SPOT \/ BEAM<\/p><\/td><td>12<\/td><\/tr><tr><td>MAC QUANTUM WASH<\/td><td>WASH<\/td><td>20<\/td><\/tr><tr><td>DTS NRG1201<\/td><td>WASH<\/td><td><p>20 (20)<\/p><\/td><\/tr><tr><td>CLF POSEIDON WASH XL<\/td><td>WASH<\/td><td>20<\/td><\/tr><tr><td>2500 MSD + ZASILACZ + STATYW<\/td><td>FOLLOWSPOT<\/td><td>2<\/td><\/tr><tr><td>1200 HMI + ZASILACZ + STATYW<\/td><td>FOLLOWSPOT<\/td><td>2<\/td><\/tr><tr><td>SUNSTRIP<\/td><td>EFEKTY<\/td><td>28<\/td><\/tr><tr><td>ELATION QUEPIX<\/td><td>EFEKTY<\/td><td>9<\/td><\/tr><tr><td>CAMEO AURO BAR 100<\/td><td>EFEKTY<\/td><td>12<\/td><\/tr><tr><td>ATOMIC 3000<\/td><td>EFEKTY<\/td><td>12<\/td><\/tr><tr><td>CLF ARES<\/td><td>EFEKTY<\/td><td>24<\/td><\/tr><tr><td>BASE HAZER<\/td><td>EFEKTY<\/td><td>6<\/td><\/tr><tr><td>JEM 365 HAZER<\/td><td>EFEKTY<\/td><td>2<\/td><\/tr><tr><td>PORTMAN MANTIS<\/td><td>EFEKTY<\/td><td>12<\/td><\/tr><tr><td>BLINDERS ACME LED<\/td><td>BLINDERS<\/td><td>16<\/td><\/tr><tr><td>BLINDERS 4 OCZKA<\/td><td>BLINDERS<\/td><td>15<\/td><\/tr><tr><td>BLINDERS 2 OCZKA<\/td><td>BLINDERS<\/td><td>10<\/td><\/tr><tr><td>SPOTLIGHT PC 1000<\/td><td><p>PC \/ FRESNEL \/ PROFILE<\/p><\/td><td>10<\/td><\/tr><tr><td>GRIVEN PC 1000<\/td><td><p>PC \/ FRESNEL \/ PROFILE<\/p><\/td><td>6<\/td><\/tr><tr><td>GRAND MA 2 LIGHT<\/td><td><p>KONSOLETY \/ SPLITTERY \/ ROZDZIELNIE<\/p><\/td><td>1<\/td><\/tr><tr><td>OBSYDIAN NX1<\/td><td><p>KONSOLETY \/ SPLITTERY \/ ROZDZIELNIE<\/p><\/td><td><p>1<\/p><\/td><\/tr><tr><td>MOVECAT 500 KG D8<\/td><td><p>WYCI\u0104GARKI \/ KRATA<\/p><\/td><td>6<\/td><\/tr><tr><td>MOVECAT 500 KG D8+<\/td><td><p>WYCI\u0104GARKI \/ KRATA<\/p><\/td><td>6<\/td><\/tr><tr><td>KRATA MILOS 40 SREBRNA<\/td><td><p>WYCI\u0104GARKI \/ KRATA<\/p><\/td><td>50 MB<\/td><\/tr><tr><td>KRATA MILOS 30 SREBRNA<\/td><td><p>WYCI\u0104GARKI \/ KRATA<\/p><\/td><td>100 MB<\/td><\/tr><\/tbody><\/table>\n            <\/div><\/div>\t\t\t\t<\/div>\n\t\t\t\t<\/div>\n\t\t\t\t\t<\/div>\n\t\t\t\t<\/div>\n\t\t\t\t<\/div>\n\t\t","protected":false},"excerpt":{"rendered":"<p>Wybrany sprz\u0119t Urz\u0105dzenie Rodzaj Ilo\u015b\u0107 MAC QUANTUM SPOT SPOT \/ BEAM 18 ROBE POINTE SPOT \/ BEAM 24 ROBE 700 SPOT SPOT \/ BEAM 20 ALPHA BEAM 300 SPOT \/ BEAM 12 MAC QUANTUM WASH WASH 20 DTS NRG1201 WASH 20 (20) CLF POSEIDON WASH XL WASH 20 2500 MSD + ZASILACZ + STATYW FOLLOWSPOT&#8230;<\/p>\n","protected":false},"author":1,"featured_media":0,"parent":0,"menu_order":0,"comment_status":"closed","ping_status":"closed","template":"","meta":{"site-sidebar-layout":"no-sidebar","site-content-layout":"","ast-site-content-layout":"full-width-container","site-content-style":"default","site-sidebar-style":"default","ast-global-header-display":"","ast-banner-title-visibility":"","ast-main-header-display":"","ast-hfb-above-header-display":"","ast-hfb-below-header-display":"","ast-hfb-mobile-header-display":"","site-post-title":"disabled","ast-breadcrumbs-content":"","ast-featured-img":"disabled","footer-sml-layout":"","ast-disable-related-posts":"","theme-transparent-header-meta":"","adv-header-id-meta":"","stick-header-meta":"","header-above-stick-meta":"","header-main-stick-meta":"","header-below-stick-meta":"","astra-migrate-meta-layouts":"default","ast-page-background-enabled":"default","ast-page-background-meta":{"desktop":{"background-color":"var(--ast-global-color-4)","background-image":"","background-repeat":"repeat","background-position":"center center","background-size":"auto","background-attachment":"scroll","background-type":"","background-media":"","overlay-type":"","overlay-color":"","overlay-opacity":"","overlay-gradient":""},"tablet":{"background-color":"","background-image":"","background-repeat":"repeat","background-position":"center center","background-size":"auto","background-attachment":"scroll","background-type":"","background-media":"","overlay-type":"","overlay-color":"","overlay-opacity":"","overlay-gradient":""},"mobile":{"background-color":"","background-image":"","background-repeat":"repeat","background-position":"center center","background-size":"auto","background-attachment":"scroll","background-type":"","background-media":"","overlay-type":"","overlay-color":"","overlay-opacity":"","overlay-gradient":""}},"ast-content-background-meta":{"desktop":{"background-color":"var(--ast-global-color-5)","background-image":"","background-repeat":"repeat","background-position":"center center","background-size":"auto","background-attachment":"scroll","background-type":"","background-media":"","overlay-type":"","overlay-color":"","overlay-opacity":"","overlay-gradient":""},"tablet":{"background-color":"var(--ast-global-color-5)","background-image":"","background-repeat":"repeat","background-position":"center center","background-size":"auto","background-attachment":"scroll","background-type":"","background-media":"","overlay-type":"","overlay-color":"","overlay-opacity":"","overlay-gradient":""},"mobile":{"background-color":"var(--ast-global-color-5)","background-image":"","background-repeat":"repeat","background-position":"center center","background-size":"auto","background-attachment":"scroll","background-type":"","background-media":"","overlay-type":"","overlay-color":"","overlay-opacity":"","overlay-gradient":""}},"footnotes":""},"_links":{"self":[{"href":"https:\/\/pro-color.org\/index.php\/wp-json\/wp\/v2\/pages\/18"}],"collection":[{"href":"https:\/\/pro-color.org\/index.php\/wp-json\/wp\/v2\/pages"}],"about":[{"href":"https:\/\/pro-color.org\/index.php\/wp-json\/wp\/v2\/types\/page"}],"author":[{"embeddable":true,"href":"https:\/\/pro-color.org\/index.php\/wp-json\/wp\/v2\/users\/1"}],"replies":[{"embeddable":true,"href":"https:\/\/pro-color.org\/index.php\/wp-json\/wp\/v2\/comments?post=18"}],"version-history":[{"count":88,"href":"https:\/\/pro-color.org\/index.php\/wp-json\/wp\/v2\/pages\/18\/revisions"}],"predecessor-version":[{"id":701,"href":"https:\/\/pro-color.org\/index.php\/wp-json\/wp\/v2\/pages\/18\/revisions\/701"}],"wp:attachment":[{"href":"https:\/\/pro-color.org\/index.php\/wp-json\/wp\/v2\/media?parent=18"}],"curies":[{"name":"wp","href":"https:\/\/api.w.org\/{rel}","templated":true}]}}