{"id":19,"date":"2023-12-14T17:23:44","date_gmt":"2023-12-14T17:23:44","guid":{"rendered":"https:\/\/pro-color.org\/?page_id=19"},"modified":"2024-02-06T14:31:03","modified_gmt":"2024-02-06T14:31:03","slug":"galeria","status":"publish","type":"page","link":"https:\/\/pro-color.org\/index.php\/galeria\/","title":{"rendered":"Galeria"},"content":{"rendered":"\t\t<div data-elementor-type=\"wp-page\" data-elementor-id=\"19\" class=\"elementor elementor-19\">\n\t\t\t\t<div class=\"elementor-element elementor-element-3fa4499 e-flex e-con-boxed e-con e-parent\" data-id=\"3fa4499\" data-element_type=\"container\" data-settings=\"{&quot;background_background&quot;:&quot;classic&quot;}\">\n\t\t\t\t\t<div class=\"e-con-inner\">\n\t\t\t\t<div class=\"elementor-element elementor-element-c80982b elementor-widget elementor-widget-heading\" data-id=\"c80982b\" data-element_type=\"widget\" data-widget_type=\"heading.default\">\n\t\t\t\t<div class=\"elementor-widget-container\">\n\t\t\t\t\t<h2 class=\"elementor-heading-title elementor-size-default\">Galeria<\/h2>\t\t\t\t<\/div>\n\t\t\t\t<\/div>\n\t\t\t\t<div class=\"elementor-element elementor-element-bae7576 elementor-widget elementor-widget-text-editor\" data-id=\"bae7576\" data-element_type=\"widget\" data-widget_type=\"text-editor.default\">\n\t\t\t\t<div class=\"elementor-widget-container\">\n\t\t\t\t\t\t\t\t\t<p>Zobacz, jak pi\u0119knie o\u015bwietlamy przestrze\u0144, sprawiaj\u0105c,<br \/>\u017ce ka\u017cde wydarzenie staje si\u0119 niezapomnianym prze\u017cyciem<\/p>\t\t\t\t\t\t\t\t<\/div>\n\t\t\t\t<\/div>\n\t\t\t\t<div class=\"elementor-element elementor-element-37158e1 elementor-widget__width-initial elementor-arrows-position-inside elementor-pagination-position-outside elementor-widget elementor-widget-image-carousel\" data-id=\"37158e1\" data-element_type=\"widget\" data-settings=\"{&quot;slides_to_show&quot;:&quot;1&quot;,&quot;autoplay_speed&quot;:6000,&quot;speed&quot;:900,&quot;navigation&quot;:&quot;both&quot;,&quot;autoplay&quot;:&quot;yes&quot;,&quot;pause_on_hover&quot;:&quot;yes&quot;,&quot;pause_on_interaction&quot;:&quot;yes&quot;,&quot;infinite&quot;:&quot;yes&quot;,&quot;effect&quot;:&quot;slide&quot;}\" data-widget_type=\"image-carousel.default\">\n\t\t\t\t<div class=\"elementor-widget-container\">\n\t\t\t\t\t\t\t<div class=\"elementor-image-carousel-wrapper swiper\" role=\"region\" aria-roledescription=\"carousel\" aria-label=\"Karuzela obrazk\u00f3w\" dir=\"ltr\">\n\t\t\t<div class=\"elementor-image-carousel swiper-wrapper\" aria-live=\"off\">\n\t\t\t\t\t\t\t\t<div class=\"swiper-slide\" role=\"group\" aria-roledescription=\"slide\" aria-label=\"1 of 5\"><figure class=\"swiper-slide-inner\"><img decoding=\"async\" class=\"swiper-slide-image\" src=\"https:\/\/pro-color.org\/wp-content\/uploads\/2023\/12\/1701272111050-2048x946.jpg\" alt=\"1701272111050\" \/><\/figure><\/div><div class=\"swiper-slide\" role=\"group\" aria-roledescription=\"slide\" aria-label=\"2 of 5\"><figure class=\"swiper-slide-inner\"><img decoding=\"async\" class=\"swiper-slide-image\" src=\"https:\/\/pro-color.org\/wp-content\/uploads\/2023\/12\/1701272111022-2048x946.jpg\" alt=\"1701272111022\" \/><\/figure><\/div><div class=\"swiper-slide\" role=\"group\" aria-roledescription=\"slide\" aria-label=\"3 of 5\"><figure class=\"swiper-slide-inner\"><img decoding=\"async\" class=\"swiper-slide-image\" src=\"https:\/\/pro-color.org\/wp-content\/uploads\/2023\/12\/1701272110992-2048x946.jpg\" alt=\"1701272110992\" \/><\/figure><\/div><div class=\"swiper-slide\" role=\"group\" aria-roledescription=\"slide\" aria-label=\"4 of 5\"><figure class=\"swiper-slide-inner\"><img decoding=\"async\" class=\"swiper-slide-image\" src=\"https:\/\/pro-color.org\/wp-content\/uploads\/2023\/12\/1701272110853-2048x946.jpg\" alt=\"1701272110853\" \/><\/figure><\/div><div class=\"swiper-slide\" role=\"group\" aria-roledescription=\"slide\" aria-label=\"5 of 5\"><figure class=\"swiper-slide-inner\"><img decoding=\"async\" class=\"swiper-slide-image\" src=\"https:\/\/pro-color.org\/wp-content\/uploads\/2023\/12\/1701272110884-2048x946.jpg\" alt=\"1701272110884\" \/><\/figure><\/div>\t\t\t<\/div>\n\t\t\t\t\t\t\t\t\t\t\t\t<div class=\"elementor-swiper-button elementor-swiper-button-prev\" role=\"button\" tabindex=\"0\">\n\t\t\t\t\t\t<svg aria-hidden=\"true\" class=\"e-font-icon-svg e-fas-chevron-circle-left\" viewBox=\"0 0 512 512\" xmlns=\"http:\/\/www.w3.org\/2000\/svg\"><path d=\"M256 504C119 504 8 393 8 256S119 8 256 8s248 111 248 248-111 248-248 248zM142.1 273l135.5 135.5c9.4 9.4 24.6 9.4 33.9 0l17-17c9.4-9.4 9.4-24.6 0-33.9L226.9 256l101.6-101.6c9.4-9.4 9.4-24.6 0-33.9l-17-17c-9.4-9.4-24.6-9.4-33.9 0L142.1 239c-9.4 9.4-9.4 24.6 0 34z\"><\/path><\/svg>\t\t\t\t\t<\/div>\n\t\t\t\t\t<div class=\"elementor-swiper-button elementor-swiper-button-next\" role=\"button\" tabindex=\"0\">\n\t\t\t\t\t\t<svg aria-hidden=\"true\" class=\"e-font-icon-svg e-fas-chevron-circle-right\" viewBox=\"0 0 512 512\" xmlns=\"http:\/\/www.w3.org\/2000\/svg\"><path d=\"M256 8c137 0 248 111 248 248S393 504 256 504 8 393 8 256 119 8 256 8zm113.9 231L234.4 103.5c-9.4-9.4-24.6-9.4-33.9 0l-17 17c-9.4 9.4-9.4 24.6 0 33.9L285.1 256 183.5 357.6c-9.4 9.4-9.4 24.6 0 33.9l17 17c9.4 9.4 24.6 9.4 33.9 0L369.9 273c9.4-9.4 9.4-24.6 0-34z\"><\/path><\/svg>\t\t\t\t\t<\/div>\n\t\t\t\t\n\t\t\t\t\t\t\t\t\t<div class=\"swiper-pagination\"><\/div>\n\t\t\t\t\t\t\t\t\t<\/div>\n\t\t\t\t\t\t<\/div>\n\t\t\t\t<\/div>\n\t\t\t\t<div class=\"elementor-element elementor-element-54b470b elementor-widget elementor-widget-heading\" data-id=\"54b470b\" data-element_type=\"widget\" data-widget_type=\"heading.default\">\n\t\t\t\t<div class=\"elementor-widget-container\">\n\t\t\t\t\t<h2 class=\"elementor-heading-title elementor-size-default\">Pozosta\u0142e fotografie<\/h2>\t\t\t\t<\/div>\n\t\t\t\t<\/div>\n\t\t\t\t\t<\/div>\n\t\t\t\t<\/div>\n\t\t<div class=\"elementor-element elementor-element-6f7be1f e-flex e-con-boxed e-con e-parent\" data-id=\"6f7be1f\" data-element_type=\"container\" data-settings=\"{&quot;background_background&quot;:&quot;classic&quot;}\">\n\t\t\t\t\t<div class=\"e-con-inner\">\n\t\t\t\t<div class=\"elementor-element elementor-element-b776a2e elementor-widget elementor-widget-image\" data-id=\"b776a2e\" data-element_type=\"widget\" data-widget_type=\"image.default\">\n\t\t\t\t<div class=\"elementor-widget-container\">\n\t\t\t\t\t\t\t\t\t\t\t\t\t\t\t<img fetchpriority=\"high\" decoding=\"async\" width=\"2048\" height=\"946\" src=\"https:\/\/pro-color.org\/wp-content\/uploads\/2023\/12\/1701272111082-2048x946.jpg\" class=\"attachment-2048x2048 size-2048x2048 wp-image-46\" alt=\"\" srcset=\"https:\/\/pro-color.org\/wp-content\/uploads\/2023\/12\/1701272111082-2048x946.jpg 2048w, https:\/\/pro-color.org\/wp-content\/uploads\/2023\/12\/1701272111082-300x139.jpg 300w, https:\/\/pro-color.org\/wp-content\/uploads\/2023\/12\/1701272111082-1024x473.jpg 1024w, https:\/\/pro-color.org\/wp-content\/uploads\/2023\/12\/1701272111082-768x355.jpg 768w, https:\/\/pro-color.org\/wp-content\/uploads\/2023\/12\/1701272111082-1536x709.jpg 1536w\" sizes=\"(max-width: 2048px) 100vw, 2048px\" \/>\t\t\t\t\t\t\t\t\t\t\t\t\t\t\t<\/div>\n\t\t\t\t<\/div>\n\t\t\t\t<div class=\"elementor-element elementor-element-324ba1e elementor-widget elementor-widget-image\" data-id=\"324ba1e\" data-element_type=\"widget\" data-widget_type=\"image.default\">\n\t\t\t\t<div class=\"elementor-widget-container\">\n\t\t\t\t\t\t\t\t\t\t\t\t\t\t\t<img decoding=\"async\" width=\"2048\" height=\"946\" src=\"https:\/\/pro-color.org\/wp-content\/uploads\/2023\/12\/1701272111110-2048x946.jpg\" class=\"attachment-2048x2048 size-2048x2048 wp-image-47\" alt=\"\" srcset=\"https:\/\/pro-color.org\/wp-content\/uploads\/2023\/12\/1701272111110-2048x946.jpg 2048w, https:\/\/pro-color.org\/wp-content\/uploads\/2023\/12\/1701272111110-300x139.jpg 300w, https:\/\/pro-color.org\/wp-content\/uploads\/2023\/12\/1701272111110-1024x473.jpg 1024w, https:\/\/pro-color.org\/wp-content\/uploads\/2023\/12\/1701272111110-768x355.jpg 768w, https:\/\/pro-color.org\/wp-content\/uploads\/2023\/12\/1701272111110-1536x709.jpg 1536w\" sizes=\"(max-width: 2048px) 100vw, 2048px\" \/>\t\t\t\t\t\t\t\t\t\t\t\t\t\t\t<\/div>\n\t\t\t\t<\/div>\n\t\t\t\t<div class=\"elementor-element elementor-element-e3c95a0 elementor-widget elementor-widget-image\" data-id=\"e3c95a0\" data-element_type=\"widget\" data-widget_type=\"image.default\">\n\t\t\t\t<div class=\"elementor-widget-container\">\n\t\t\t\t\t\t\t\t\t\t\t\t\t\t\t<img decoding=\"async\" width=\"2048\" height=\"946\" src=\"https:\/\/pro-color.org\/wp-content\/uploads\/2023\/12\/1701272110764-2048x946.jpg\" class=\"attachment-2048x2048 size-2048x2048 wp-image-48\" alt=\"\" srcset=\"https:\/\/pro-color.org\/wp-content\/uploads\/2023\/12\/1701272110764-2048x946.jpg 2048w, https:\/\/pro-color.org\/wp-content\/uploads\/2023\/12\/1701272110764-300x139.jpg 300w, https:\/\/pro-color.org\/wp-content\/uploads\/2023\/12\/1701272110764-1024x473.jpg 1024w, https:\/\/pro-color.org\/wp-content\/uploads\/2023\/12\/1701272110764-768x355.jpg 768w, https:\/\/pro-color.org\/wp-content\/uploads\/2023\/12\/1701272110764-1536x709.jpg 1536w\" sizes=\"(max-width: 2048px) 100vw, 2048px\" \/>\t\t\t\t\t\t\t\t\t\t\t\t\t\t\t<\/div>\n\t\t\t\t<\/div>\n\t\t\t\t<div class=\"elementor-element elementor-element-f6be71b elementor-widget elementor-widget-image\" data-id=\"f6be71b\" data-element_type=\"widget\" data-widget_type=\"image.default\">\n\t\t\t\t<div class=\"elementor-widget-container\">\n\t\t\t\t\t\t\t\t\t\t\t\t\t\t\t<img loading=\"lazy\" decoding=\"async\" width=\"2048\" height=\"946\" src=\"https:\/\/pro-color.org\/wp-content\/uploads\/2023\/12\/1701272110819-2048x946.jpg\" class=\"attachment-2048x2048 size-2048x2048 wp-image-49\" alt=\"\" srcset=\"https:\/\/pro-color.org\/wp-content\/uploads\/2023\/12\/1701272110819-2048x946.jpg 2048w, https:\/\/pro-color.org\/wp-content\/uploads\/2023\/12\/1701272110819-300x139.jpg 300w, https:\/\/pro-color.org\/wp-content\/uploads\/2023\/12\/1701272110819-1024x473.jpg 1024w, https:\/\/pro-color.org\/wp-content\/uploads\/2023\/12\/1701272110819-768x355.jpg 768w, https:\/\/pro-color.org\/wp-content\/uploads\/2023\/12\/1701272110819-1536x709.jpg 1536w\" sizes=\"(max-width: 2048px) 100vw, 2048px\" \/>\t\t\t\t\t\t\t\t\t\t\t\t\t\t\t<\/div>\n\t\t\t\t<\/div>\n\t\t\t\t<div class=\"elementor-element elementor-element-78facd4 elementor-widget elementor-widget-image\" data-id=\"78facd4\" data-element_type=\"widget\" data-widget_type=\"image.default\">\n\t\t\t\t<div class=\"elementor-widget-container\">\n\t\t\t\t\t\t\t\t\t\t\t\t\t\t\t<img loading=\"lazy\" decoding=\"async\" width=\"2048\" height=\"946\" src=\"https:\/\/pro-color.org\/wp-content\/uploads\/2023\/12\/1701272110912-2048x946.jpg\" class=\"attachment-2048x2048 size-2048x2048 wp-image-40\" alt=\"\" srcset=\"https:\/\/pro-color.org\/wp-content\/uploads\/2023\/12\/1701272110912-2048x946.jpg 2048w, https:\/\/pro-color.org\/wp-content\/uploads\/2023\/12\/1701272110912-300x139.jpg 300w, https:\/\/pro-color.org\/wp-content\/uploads\/2023\/12\/1701272110912-1024x473.jpg 1024w, https:\/\/pro-color.org\/wp-content\/uploads\/2023\/12\/1701272110912-768x355.jpg 768w, https:\/\/pro-color.org\/wp-content\/uploads\/2023\/12\/1701272110912-1536x709.jpg 1536w\" sizes=\"(max-width: 2048px) 100vw, 2048px\" \/>\t\t\t\t\t\t\t\t\t\t\t\t\t\t\t<\/div>\n\t\t\t\t<\/div>\n\t\t\t\t<div class=\"elementor-element elementor-element-6dd6e42 elementor-widget elementor-widget-image\" data-id=\"6dd6e42\" data-element_type=\"widget\" data-widget_type=\"image.default\">\n\t\t\t\t<div class=\"elementor-widget-container\">\n\t\t\t\t\t\t\t\t\t\t\t\t\t\t\t<img loading=\"lazy\" decoding=\"async\" width=\"2048\" height=\"946\" src=\"https:\/\/pro-color.org\/wp-content\/uploads\/2023\/12\/1701272110942-2048x946.jpg\" class=\"attachment-2048x2048 size-2048x2048 wp-image-41\" alt=\"\" srcset=\"https:\/\/pro-color.org\/wp-content\/uploads\/2023\/12\/1701272110942-2048x946.jpg 2048w, https:\/\/pro-color.org\/wp-content\/uploads\/2023\/12\/1701272110942-300x139.jpg 300w, https:\/\/pro-color.org\/wp-content\/uploads\/2023\/12\/1701272110942-1024x473.jpg 1024w, https:\/\/pro-color.org\/wp-content\/uploads\/2023\/12\/1701272110942-768x355.jpg 768w, https:\/\/pro-color.org\/wp-content\/uploads\/2023\/12\/1701272110942-1536x709.jpg 1536w\" sizes=\"(max-width: 2048px) 100vw, 2048px\" \/>\t\t\t\t\t\t\t\t\t\t\t\t\t\t\t<\/div>\n\t\t\t\t<\/div>\n\t\t\t\t<div class=\"elementor-element elementor-element-e130496 elementor-widget elementor-widget-image\" data-id=\"e130496\" data-element_type=\"widget\" data-widget_type=\"image.default\">\n\t\t\t\t<div class=\"elementor-widget-container\">\n\t\t\t\t\t\t\t\t\t\t\t\t\t\t\t<img loading=\"lazy\" decoding=\"async\" width=\"2048\" height=\"946\" src=\"https:\/\/pro-color.org\/wp-content\/uploads\/2023\/12\/1701272110967-2048x946.jpg\" class=\"attachment-2048x2048 size-2048x2048 wp-image-42\" alt=\"\" srcset=\"https:\/\/pro-color.org\/wp-content\/uploads\/2023\/12\/1701272110967-2048x946.jpg 2048w, https:\/\/pro-color.org\/wp-content\/uploads\/2023\/12\/1701272110967-300x139.jpg 300w, https:\/\/pro-color.org\/wp-content\/uploads\/2023\/12\/1701272110967-1024x473.jpg 1024w, https:\/\/pro-color.org\/wp-content\/uploads\/2023\/12\/1701272110967-768x355.jpg 768w, https:\/\/pro-color.org\/wp-content\/uploads\/2023\/12\/1701272110967-1536x709.jpg 1536w\" sizes=\"(max-width: 2048px) 100vw, 2048px\" \/>\t\t\t\t\t\t\t\t\t\t\t\t\t\t\t<\/div>\n\t\t\t\t<\/div>\n\t\t\t\t\t<\/div>\n\t\t\t\t<\/div>\n\t\t\t\t<\/div>\n\t\t","protected":false},"excerpt":{"rendered":"<p>Galeria Zobacz, jak pi\u0119knie o\u015bwietlamy przestrze\u0144, sprawiaj\u0105c,\u017ce ka\u017cde wydarzenie staje si\u0119 niezapomnianym prze\u017cyciem Pozosta\u0142e fotografie<\/p>\n","protected":false},"author":1,"featured_media":0,"parent":0,"menu_order":0,"comment_status":"closed","ping_status":"closed","template":"","meta":{"site-sidebar-layout":"no-sidebar","site-content-layout":"","ast-site-content-layout":"full-width-container","site-content-style":"default","site-sidebar-style":"default","ast-global-header-display":"","ast-banner-title-visibility":"","ast-main-header-display":"","ast-hfb-above-header-display":"","ast-hfb-below-header-display":"","ast-hfb-mobile-header-display":"","site-post-title":"disabled","ast-breadcrumbs-content":"","ast-featured-img":"disabled","footer-sml-layout":"","ast-disable-related-posts":"","theme-transparent-header-meta":"","adv-header-id-meta":"","stick-header-meta":"","header-above-stick-meta":"","header-main-stick-meta":"","header-below-stick-meta":"","astra-migrate-meta-layouts":"default","ast-page-background-enabled":"default","ast-page-background-meta":{"desktop":{"background-color":"var(--ast-global-color-4)","background-image":"","background-repeat":"repeat","background-position":"center center","background-size":"auto","background-attachment":"scroll","background-type":"","background-media":"","overlay-type":"","overlay-color":"","overlay-opacity":"","overlay-gradient":""},"tablet":{"background-color":"","background-image":"","background-repeat":"repeat","background-position":"center center","background-size":"auto","background-attachment":"scroll","background-type":"","background-media":"","overlay-type":"","overlay-color":"","overlay-opacity":"","overlay-gradient":""},"mobile":{"background-color":"","background-image":"","background-repeat":"repeat","background-position":"center center","background-size":"auto","background-attachment":"scroll","background-type":"","background-media":"","overlay-type":"","overlay-color":"","overlay-opacity":"","overlay-gradient":""}},"ast-content-background-meta":{"desktop":{"background-color":"var(--ast-global-color-5)","background-image":"","background-repeat":"repeat","background-position":"center center","background-size":"auto","background-attachment":"scroll","background-type":"","background-media":"","overlay-type":"","overlay-color":"","overlay-opacity":"","overlay-gradient":""},"tablet":{"background-color":"var(--ast-global-color-5)","background-image":"","background-repeat":"repeat","background-position":"center center","background-size":"auto","background-attachment":"scroll","background-type":"","background-media":"","overlay-type":"","overlay-color":"","overlay-opacity":"","overlay-gradient":""},"mobile":{"background-color":"var(--ast-global-color-5)","background-image":"","background-repeat":"repeat","background-position":"center center","background-size":"auto","background-attachment":"scroll","background-type":"","background-media":"","overlay-type":"","overlay-color":"","overlay-opacity":"","overlay-gradient":""}},"footnotes":""},"_links":{"self":[{"href":"https:\/\/pro-color.org\/index.php\/wp-json\/wp\/v2\/pages\/19"}],"collection":[{"href":"https:\/\/pro-color.org\/index.php\/wp-json\/wp\/v2\/pages"}],"about":[{"href":"https:\/\/pro-color.org\/index.php\/wp-json\/wp\/v2\/types\/page"}],"author":[{"embeddable":true,"href":"https:\/\/pro-color.org\/index.php\/wp-json\/wp\/v2\/users\/1"}],"replies":[{"embeddable":true,"href":"https:\/\/pro-color.org\/index.php\/wp-json\/wp\/v2\/comments?post=19"}],"version-history":[{"count":37,"href":"https:\/\/pro-color.org\/index.php\/wp-json\/wp\/v2\/pages\/19\/revisions"}],"predecessor-version":[{"id":521,"href":"https:\/\/pro-color.org\/index.php\/wp-json\/wp\/v2\/pages\/19\/revisions\/521"}],"wp:attachment":[{"href":"https:\/\/pro-color.org\/index.php\/wp-json\/wp\/v2\/media?parent=19"}],"curies":[{"name":"wp","href":"https:\/\/api.w.org\/{rel}","templated":true}]}}